{"id":2,"date":"2013-08-19T10:01:33","date_gmt":"2013-08-19T09:01:33","guid":{"rendered":"http:\/\/www.maisons-finlande.com\/?page_id=2"},"modified":"2016-05-18T19:54:59","modified_gmt":"2016-05-18T18:54:59","slug":"accueil","status":"publish","type":"page","link":"https:\/\/www.maisons-finlande.com\/","title":{"rendered":"Accueil"},"content":{"rendered":"<p><strong>Maison Finlande<\/strong><\/p>\n<div id=\"attachment_1977\" style=\"width: 710px\" class=\"wp-caption aligncenter\"><img loading=\"lazy\" decoding=\"async\" aria-describedby=\"caption-attachment-1977\" class=\"wp-image-1977 size-full\" src=\"https:\/\/www.maisons-finlande.com\/wp-content\/uploads\/dreamhouse16DE_01.jpg\" alt=\"Sirkka \" width=\"700\" height=\"450\" srcset=\"https:\/\/www.maisons-finlande.com\/wp-content\/uploads\/dreamhouse16DE_01.jpg 700w, https:\/\/www.maisons-finlande.com\/wp-content\/uploads\/dreamhouse16DE_01-300x193.jpg 300w, https:\/\/www.maisons-finlande.com\/wp-content\/uploads\/dreamhouse16DE_01-280x180.jpg 280w\" sizes=\"(max-width: 700px) 100vw, 700px\" \/><p id=\"caption-attachment-1977\" class=\"wp-caption-text\">Sirkka<\/p><\/div>\n<p>Les chalets et maisons bois de tradition et qualit\u00e9 artisanale finlandaise.<br \/>\nInvestir dans les maisons de Finlande, c\u2019est investir dans la qualit\u00e9 traditionnelle et le bien \u00eatre.<\/p>\n<p>Les conditions climatiques extr\u00eames du grand nord assure une structure sym\u00e9trique et tr\u00e8s dense des arbres \u00e2g\u00e9s de 80 \/100 ans utilis\u00e9 dans nos constructions.<\/p>\n<p><a title=\"Documentation Maison Finlande\" href=\"http:\/\/www.s-i-t-e.fr\/index.php?option=com_rsform&amp;formId=17\" target=\"_blank\">Cliquer ici pour recevoir une documentation<\/a><\/p>\n<p>De g\u00e9n\u00e9ration en g\u00e9n\u00e9ration les traditions et le savoir faire ont r\u00e9ussi les maisons de Finlande. En r\u00e9gulant l\u2019hygrom\u00e9trie de l\u2019air, la nature vivante du bois procure un environnement anti-stress ainsi qu\u2019une protection \u00e9lectrostatique incomparable.<\/p>\n<p>Le bois massif vous garantit un environnement agr\u00e9able et naturel !<br \/>\n<script type=\"text\/javascript\">\/\/ <![CDATA[\ngoogle_ad_client = \"ca-pub-9222818878430487\"; \/* Ads 468x60, 2011\/03\/03 *\/ google_ad_slot = \"7978936119\"; google_ad_width = 468; google_ad_height = 60;\n\/\/ ]]><\/script><br \/>\n<script src=\"http:\/\/pagead2.googlesyndication.com\/pagead\/show_ads.js\" type=\"text\/javascript\">\/\/ <![CDATA[\n\n\/\/ ]]><\/script><\/p>\n","protected":false},"excerpt":{"rendered":"<p>Maison Finlande Les chalets et maisons bois de tradition et qualit\u00e9 artisanale finlandaise. Investir dans les maisons de Finlande, c\u2019est investir dans la qualit\u00e9 traditionnelle et le bien \u00eatre. Les conditions climatiques extr\u00eames du grand nord assure une structure sym\u00e9trique et tr\u00e8s dense des arbres \u00e2g\u00e9s de 80 \/100 ans utilis\u00e9 dans nos constructions. Cliquer [&hellip;]<\/p>\n","protected":false},"author":2,"featured_media":0,"parent":0,"menu_order":0,"comment_status":"closed","ping_status":"closed","template":"","meta":{"_et_pb_use_builder":"","_et_pb_old_content":"","_et_gb_content_width":"","footnotes":""},"class_list":["post-2","page","type-page","status-publish","hentry"],"_links":{"self":[{"href":"https:\/\/www.maisons-finlande.com\/index.php?rest_route=\/wp\/v2\/pages\/2","targetHints":{"allow":["GET"]}}],"collection":[{"href":"https:\/\/www.maisons-finlande.com\/index.php?rest_route=\/wp\/v2\/pages"}],"about":[{"href":"https:\/\/www.maisons-finlande.com\/index.php?rest_route=\/wp\/v2\/types\/page"}],"author":[{"embeddable":true,"href":"https:\/\/www.maisons-finlande.com\/index.php?rest_route=\/wp\/v2\/users\/2"}],"replies":[{"embeddable":true,"href":"https:\/\/www.maisons-finlande.com\/index.php?rest_route=%2Fwp%2Fv2%2Fcomments&post=2"}],"version-history":[{"count":10,"href":"https:\/\/www.maisons-finlande.com\/index.php?rest_route=\/wp\/v2\/pages\/2\/revisions"}],"predecessor-version":[{"id":2020,"href":"https:\/\/www.maisons-finlande.com\/index.php?rest_route=\/wp\/v2\/pages\/2\/revisions\/2020"}],"wp:attachment":[{"href":"https:\/\/www.maisons-finlande.com\/index.php?rest_route=%2Fwp%2Fv2%2Fmedia&parent=2"}],"curies":[{"name":"wp","href":"https:\/\/api.w.org\/{rel}","templated":true}]}}